{"id":969,"date":"2021-08-13T18:27:06","date_gmt":"2021-08-13T18:27:06","guid":{"rendered":"http:\/\/www.drcelik.designprop.site\/about-us\/"},"modified":"2022-04-20T13:23:54","modified_gmt":"2022-04-20T13:23:54","slug":"ueber-uns","status":"publish","type":"page","link":"https:\/\/mustafaeyupcelik.com\/de\/ueber-uns\/","title":{"rendered":"\u00dcber uns"},"content":{"rendered":"\t\t<div data-elementor-type=\"wp-page\" data-elementor-id=\"969\" class=\"elementor elementor-969 elementor-96\" data-elementor-post-type=\"page\">\n\t\t\t\t\t\t<section class=\"elementor-section elementor-top-section elementor-element elementor-element-bda91f1 elementor-section-boxed elementor-section-height-default elementor-section-height-default\" data-id=\"bda91f1\" data-element_type=\"section\" data-e-type=\"section\">\n\t\t\t\t\t\t<div class=\"elementor-container elementor-column-gap-default\">\n\t\t\t\t\t<div class=\"elementor-column elementor-col-50 elementor-top-column elementor-element elementor-element-4160deb\" data-id=\"4160deb\" data-element_type=\"column\" data-e-type=\"column\">\n\t\t\t<div class=\"elementor-widget-wrap elementor-element-populated\">\n\t\t\t\t\t\t<div class=\"elementor-element elementor-element-392fb51 elementor-widget elementor-widget-image\" data-id=\"392fb51\" data-element_type=\"widget\" data-e-type=\"widget\" data-widget_type=\"image.default\">\n\t\t\t\t<div class=\"elementor-widget-container\">\n\t\t\t\t\t\t\t\t\t\t\t\t\t\t\t<img fetchpriority=\"high\" decoding=\"async\" width=\"600\" height=\"1179\" src=\"https:\/\/mustafaeyupcelik.com\/wp-content\/uploads\/2021\/08\/DC20.jpg\" class=\"attachment-full size-full wp-image-463\" alt=\"\" srcset=\"https:\/\/mustafaeyupcelik.com\/wp-content\/uploads\/2021\/08\/DC20.jpg 600w, https:\/\/mustafaeyupcelik.com\/wp-content\/uploads\/2021\/08\/DC20-153x300.jpg 153w, https:\/\/mustafaeyupcelik.com\/wp-content\/uploads\/2021\/08\/DC20-521x1024.jpg 521w\" sizes=\"(max-width: 600px) 100vw, 600px\" \/>\t\t\t\t\t\t\t\t\t\t\t\t\t\t\t<\/div>\n\t\t\t\t<\/div>\n\t\t\t\t\t<\/div>\n\t\t<\/div>\n\t\t\t\t<div class=\"elementor-column elementor-col-50 elementor-top-column elementor-element elementor-element-4ee31fe\" data-id=\"4ee31fe\" data-element_type=\"column\" data-e-type=\"column\">\n\t\t\t<div class=\"elementor-widget-wrap elementor-element-populated\">\n\t\t\t\t\t\t<div class=\"elementor-element elementor-element-57f9bcf animated-fast elementor-invisible elementor-widget elementor-widget-heading\" data-id=\"57f9bcf\" data-element_type=\"widget\" data-e-type=\"widget\" data-settings=\"{&quot;_animation&quot;:&quot;fadeInUp&quot;}\" data-widget_type=\"heading.default\">\n\t\t\t\t<div class=\"elementor-widget-container\">\n\t\t\t\t\t<h2 class=\"elementor-heading-title elementor-size-default\">dr. eyup cel\u0131k<\/h2>\t\t\t\t<\/div>\n\t\t\t\t<\/div>\n\t\t\t\t<div class=\"elementor-element elementor-element-0cd5ad5 animated-fast elementor-invisible elementor-widget elementor-widget-text-editor\" data-id=\"0cd5ad5\" data-element_type=\"widget\" data-e-type=\"widget\" data-settings=\"{&quot;_animation&quot;:&quot;fadeInUp&quot;}\" data-widget_type=\"text-editor.default\">\n\t\t\t\t<div class=\"elementor-widget-container\">\n\t\t\t\t\t\t\t\t\t<p>Ich wurde am 17. M\u00e4rz 1989 in Gaziantep, T\u00fcrkei, geboren. Meine Leidenschaft und Neugier f\u00fcr Kunst haben mich zu einer Karriere in der Zahnmedizin gef\u00fchrt. Ich habe immer daran geglaubt, dass ich mit der richtigen Ausbildung und Erfahrung gro\u00dfartige Dinge erreichen w\u00fcrde. 2006 machte ich den ersten Schritt, indem ich an der Marmara-Universit\u00e4t Zahnmedizin studierte.\u00a0<\/p><p>2012 habe ich mein Studium an der zahnmedizinische Fakult\u00e4t the Marmara erfolgreich beendet. Bald nach meinem Abschluss machte mich der Wille, der f\u00fchrende Zahnarzt meines Faches zu werden, zu einem Meisterkurs in D\u00fcsseldorf. W\u00e4hrend meines Masterstudiums war ich in einigen privaten Kliniken in der T\u00fcrkei unterwegs und arbeitete dort. Dadurch konnte ich nicht nur meine F\u00e4higkeiten verbessern, sondern auch die Klinik planen, die ich selbst einrichten w\u00fcrde. Daraufhin habe ich vor 2,5 Jahren meine eigene Praxis in Ni\u015fanta\u015f\u0131 gegr\u00fcndet und mich als Arzt \u00c7elik sowohl in der Kunstgesellschaft als auch in der Zahnmedizin bekannt gemacht.<\/p><p>In Anbetracht der Tatsache, dass jeder Patient das Potenzial hat, eine positive Referenz zu sein, erledige ich jede Arbeit besonders sorgf\u00e4ltig, und widme volle Aufmerksamkeit, egal wie gro\u00df oder klein die F\u00e4lle sind. In der Zahnmedizin hat sich die \u00e4sthetische Zahnmedizin mit der Zeit ausgezeichnet, und ich bin wirklich leidenschaftlich dabei. Denn jeder Mensch ist ein Kunstwerk und verdient wie jedes Kunstwerk die beste Anerkennung. Daher f\u00fchrt mich meine Leidenschaft zur Kunst zu diesem Feld.<\/p><p>Jeder Patient, der beschlossen hat, von mir behandelt zu werden, erhielt ein Kunstwerk in Form einer \u00e4sthetischen Zahnheilkunde, das f\u00fcr mich das zufriedenstellende Ereignis ist. Mitglied der American Dental Assosiation und der Turkish Dental Assosiation zu sein, ist eine der angesehensten Institutionen, die ich gewonnen habe. Auf die Frage, wie ich meine Arbeit mit Leidenschaft erledige, lautet meine Antwort: \u201e Tuh es zuerst, mach es am besten, \u00e4ndere alles\u201c.<\/p><p>Mein Hauptprinzip ist es, meine Patienten nicht nur zu erfreuen, sondern auch ihre Lebensqualit\u00e4t zu verbessern. F\u00fcr mich geht es in der Zahnmedizin nicht nur darum, gesundheitliche Probleme zu beseitigen, sondern auch um ein gl\u00fcckliches und wohlhabendes Leben ohne \u00e4sthetische Bedenken zu erhalten. Jeder hat das Recht auf ein sch\u00f6nes L\u00e4cheln. Der entscheidende Punkt ist jedoch, dass in jedem Fall das h\u00f6chste Ergebnis erreicht werden sollte und die Patienten mit einem strahlenden L\u00e4cheln nach Hause zu schicken. Um das Vertrauen meiner Patienten zu gewinnen und zu erhalten, halte ich meine Sitzungen sehr interaktiv, sodass sie die durchgef\u00fchrten Verfahren verstehen k\u00f6nnen. Je n\u00e4her ein Arzt sich seinen Patienten verhaelt, desto positiver ist die R\u00fcckmeldung, die er erh\u00e4lt. Aus diesem Grund gen\u00fcgt es nicht nur, die Bed\u00fcrfnisse der Patienten zu verstehen, sondern auch auf ihre Anliegen zu h\u00f6ren und ihnen eine objektive L\u00f6sung zu geben.<\/p>\t\t\t\t\t\t\t\t<\/div>\n\t\t\t\t<\/div>\n\t\t\t\t\t<\/div>\n\t\t<\/div>\n\t\t\t\t\t<\/div>\n\t\t<\/section>\n\t\t\t\t<section class=\"elementor-section elementor-top-section elementor-element elementor-element-cb31347 elementor-section-height-min-height elementor-section-items-stretch elementor-section-full_width elementor-section-stretched elementor-section-height-default\" data-id=\"cb31347\" data-element_type=\"section\" data-e-type=\"section\" data-settings=\"{&quot;stretch_section&quot;:&quot;section-stretched&quot;}\">\n\t\t\t\t\t\t<div class=\"elementor-container elementor-column-gap-default\">\n\t\t\t\t\t<div class=\"elementor-column elementor-col-100 elementor-top-column elementor-element elementor-element-0e26f87\" data-id=\"0e26f87\" data-element_type=\"column\" data-e-type=\"column\">\n\t\t\t<div class=\"elementor-widget-wrap elementor-element-populated\">\n\t\t\t\t\t\t<section class=\"elementor-section elementor-inner-section elementor-element elementor-element-45ef870 elementor-section-full_width elementor-section-height-default elementor-section-height-default\" data-id=\"45ef870\" data-element_type=\"section\" data-e-type=\"section\">\n\t\t\t\t\t\t<div class=\"elementor-container elementor-column-gap-default\">\n\t\t\t\t\t<div class=\"elementor-column elementor-col-100 elementor-inner-column elementor-element elementor-element-6299bc5\" data-id=\"6299bc5\" data-element_type=\"column\" data-e-type=\"column\">\n\t\t\t<div class=\"elementor-widget-wrap elementor-element-populated\">\n\t\t\t\t\t\t<div class=\"elementor-element elementor-element-2df8ac1 elementor-widget elementor-widget-heading\" data-id=\"2df8ac1\" data-element_type=\"widget\" data-e-type=\"widget\" data-widget_type=\"heading.default\">\n\t\t\t\t<div class=\"elementor-widget-container\">\n\t\t\t\t\t<h2 class=\"elementor-heading-title elementor-size-default\">Galerie<\/h2>\t\t\t\t<\/div>\n\t\t\t\t<\/div>\n\t\t\t\t\t<\/div>\n\t\t<\/div>\n\t\t\t\t\t<\/div>\n\t\t<\/section>\n\t\t\t\t<section class=\"elementor-section elementor-inner-section elementor-element elementor-element-e11a3f5 elementor-section-full_width elementor-section-height-default elementor-section-height-default\" data-id=\"e11a3f5\" data-element_type=\"section\" data-e-type=\"section\">\n\t\t\t\t\t\t<div class=\"elementor-container elementor-column-gap-default\">\n\t\t\t\t\t<div class=\"elementor-column elementor-col-100 elementor-inner-column elementor-element elementor-element-810c3e9\" data-id=\"810c3e9\" data-element_type=\"column\" data-e-type=\"column\">\n\t\t\t<div class=\"elementor-widget-wrap elementor-element-populated\">\n\t\t\t\t\t\t<div class=\"elementor-element elementor-element-6c4ece1 elementor-arrows-position-inside elementor-pagination-position-outside elementor-widget elementor-widget-image-carousel\" data-id=\"6c4ece1\" data-element_type=\"widget\" data-e-type=\"widget\" data-settings=\"{&quot;slides_to_scroll&quot;:&quot;3&quot;,&quot;image_spacing_custom&quot;:{&quot;unit&quot;:&quot;px&quot;,&quot;size&quot;:11,&quot;sizes&quot;:[]},&quot;slides_to_show&quot;:&quot;4&quot;,&quot;navigation&quot;:&quot;both&quot;,&quot;autoplay&quot;:&quot;yes&quot;,&quot;pause_on_hover&quot;:&quot;yes&quot;,&quot;pause_on_interaction&quot;:&quot;yes&quot;,&quot;autoplay_speed&quot;:5000,&quot;infinite&quot;:&quot;yes&quot;,&quot;speed&quot;:500,&quot;image_spacing_custom_tablet&quot;:{&quot;unit&quot;:&quot;px&quot;,&quot;size&quot;:&quot;&quot;,&quot;sizes&quot;:[]},&quot;image_spacing_custom_mobile&quot;:{&quot;unit&quot;:&quot;px&quot;,&quot;size&quot;:&quot;&quot;,&quot;sizes&quot;:[]}}\" data-widget_type=\"image-carousel.default\">\n\t\t\t\t<div class=\"elementor-widget-container\">\n\t\t\t\t\t\t\t<div class=\"elementor-image-carousel-wrapper swiper\" role=\"region\" aria-roledescription=\"carousel\" aria-label=\"Bild Karussell\" dir=\"ltr\">\n\t\t\t<div class=\"elementor-image-carousel swiper-wrapper swiper-image-stretch\" aria-live=\"off\">\n\t\t\t\t\t\t\t\t<div class=\"swiper-slide\" role=\"group\" aria-roledescription=\"slide\" aria-label=\"1 von 5\"><figure class=\"swiper-slide-inner\"><img decoding=\"async\" class=\"swiper-slide-image\" src=\"https:\/\/mustafaeyupcelik.com\/wp-content\/uploads\/2021\/08\/1-2.jpg\" alt=\"1\" \/><\/figure><\/div><div class=\"swiper-slide\" role=\"group\" aria-roledescription=\"slide\" aria-label=\"2 von 5\"><figure class=\"swiper-slide-inner\"><img decoding=\"async\" class=\"swiper-slide-image\" src=\"https:\/\/mustafaeyupcelik.com\/wp-content\/uploads\/2021\/08\/2-2.jpg\" alt=\"2\" \/><\/figure><\/div><div class=\"swiper-slide\" role=\"group\" aria-roledescription=\"slide\" aria-label=\"3 von 5\"><figure class=\"swiper-slide-inner\"><img decoding=\"async\" class=\"swiper-slide-image\" src=\"https:\/\/mustafaeyupcelik.com\/wp-content\/uploads\/2021\/08\/3-2.jpg\" alt=\"3\" \/><\/figure><\/div><div class=\"swiper-slide\" role=\"group\" aria-roledescription=\"slide\" aria-label=\"4 von 5\"><figure class=\"swiper-slide-inner\"><img decoding=\"async\" class=\"swiper-slide-image\" src=\"https:\/\/mustafaeyupcelik.com\/wp-content\/uploads\/2021\/08\/4-2.jpg\" alt=\"4\" \/><\/figure><\/div><div class=\"swiper-slide\" role=\"group\" aria-roledescription=\"slide\" aria-label=\"5 von 5\"><figure class=\"swiper-slide-inner\"><img decoding=\"async\" class=\"swiper-slide-image\" src=\"https:\/\/mustafaeyupcelik.com\/wp-content\/uploads\/2021\/08\/5-2.jpg\" alt=\"5\" \/><\/figure><\/div>\t\t\t<\/div>\n\t\t\t\t\t\t\t\t\t\t\t\t<div class=\"elementor-swiper-button elementor-swiper-button-prev\" role=\"button\" tabindex=\"0\">\n\t\t\t\t\t\t<i aria-hidden=\"true\" class=\"eicon-chevron-left\"><\/i>\t\t\t\t\t<\/div>\n\t\t\t\t\t<div class=\"elementor-swiper-button elementor-swiper-button-next\" role=\"button\" tabindex=\"0\">\n\t\t\t\t\t\t<i aria-hidden=\"true\" class=\"eicon-chevron-right\"><\/i>\t\t\t\t\t<\/div>\n\t\t\t\t\n\t\t\t\t\t\t\t\t\t<div class=\"swiper-pagination\"><\/div>\n\t\t\t\t\t\t\t\t\t<\/div>\n\t\t\t\t\t\t<\/div>\n\t\t\t\t<\/div>\n\t\t\t\t\t<\/div>\n\t\t<\/div>\n\t\t\t\t\t<\/div>\n\t\t<\/section>\n\t\t\t\t\t<\/div>\n\t\t<\/div>\n\t\t\t\t\t<\/div>\n\t\t<\/section>\n\t\t\t\t<\/div>\n\t\t","protected":false},"excerpt":{"rendered":"<p>dr. eyup cel\u0131k Ich wurde am 17. M\u00e4rz 1989 in Gaziantep, T\u00fcrkei, geboren. Meine Leidenschaft und Neugier f\u00fcr Kunst haben mich zu einer Karriere in der Zahnmedizin gef\u00fchrt. Ich habe immer daran geglaubt, dass ich mit der richtigen Ausbildung und Erfahrung gro\u00dfartige Dinge erreichen w\u00fcrde. 2006 machte ich den ersten Schritt, indem ich an der&#8230;<\/p>\n","protected":false},"author":1,"featured_media":0,"parent":0,"menu_order":24,"comment_status":"closed","ping_status":"closed","template":"","meta":{"footnotes":""},"categories":[],"tags":[],"class_list":["post-969","page","type-page","status-publish","hentry"],"acf":[],"_links":{"self":[{"href":"https:\/\/mustafaeyupcelik.com\/de\/wp-json\/wp\/v2\/pages\/969","targetHints":{"allow":["GET"]}}],"collection":[{"href":"https:\/\/mustafaeyupcelik.com\/de\/wp-json\/wp\/v2\/pages"}],"about":[{"href":"https:\/\/mustafaeyupcelik.com\/de\/wp-json\/wp\/v2\/types\/page"}],"author":[{"embeddable":true,"href":"https:\/\/mustafaeyupcelik.com\/de\/wp-json\/wp\/v2\/users\/1"}],"replies":[{"embeddable":true,"href":"https:\/\/mustafaeyupcelik.com\/de\/wp-json\/wp\/v2\/comments?post=969"}],"version-history":[{"count":17,"href":"https:\/\/mustafaeyupcelik.com\/de\/wp-json\/wp\/v2\/pages\/969\/revisions"}],"predecessor-version":[{"id":1587,"href":"https:\/\/mustafaeyupcelik.com\/de\/wp-json\/wp\/v2\/pages\/969\/revisions\/1587"}],"wp:attachment":[{"href":"https:\/\/mustafaeyupcelik.com\/de\/wp-json\/wp\/v2\/media?parent=969"}],"wp:term":[{"taxonomy":"category","embeddable":true,"href":"https:\/\/mustafaeyupcelik.com\/de\/wp-json\/wp\/v2\/categories?post=969"},{"taxonomy":"post_tag","embeddable":true,"href":"https:\/\/mustafaeyupcelik.com\/de\/wp-json\/wp\/v2\/tags?post=969"}],"curies":[{"name":"wp","href":"https:\/\/api.w.org\/{rel}","templated":true}]}}